{"id":9739,"date":"2026-04-01T18:09:29","date_gmt":"2026-04-01T18:09:29","guid":{"rendered":"https:\/\/contrasteserver.com.mx\/villalpando\/?post_type=product&#038;p=9739"},"modified":"2026-04-02T16:46:15","modified_gmt":"2026-04-02T16:46:15","slug":"argolla-de-oro-10-k-confort-blanca-6-mm-enamoro-cf002b-61","status":"publish","type":"product","link":"https:\/\/contrasteserver.com.mx\/villalpando\/product\/argolla-de-oro-10-k-confort-blanca-6-mm-enamoro-cf002b-61\/","title":{"rendered":"Argolla de Oro 10 k Confort Blanca 6 mm  Enamoro CF002B-61"},"content":{"rendered":"<p>Nos encanta ser parte de las historias de amor y tenemos para ti la argolla ideal\u2026 Inicia este nuevo cap\u00edtulo de tu historia con Enamoro Argollas. Argolla fabricada con los mejores est\u00e1ndares de calidad y dise\u00f1o, en oro de 10 K<\/p>\n<ul class=\"list alt-list\">\n<li><i class=\"fa fa-check\"><\/i>Kilates: 10 K<\/li>\n<li><i class=\"fa fa-check\"><\/i>Peso: 3.5 gr #9<\/li>\n<\/ul>\n","protected":false},"excerpt":{"rendered":"<p>Nos encanta ser parte de las historias de amor y tenemos para ti la argolla ideal\u2026 Inicia este nuevo cap\u00edtulo de tu historia con Enamoro Argollas. Argolla fabricada con los mejores est\u00e1ndares de calidad y dise\u00f1o, en oro de 10 K<\/p>\n<ul class=\"list alt-list\">\n<li><i class=\"fa fa-check\"><\/i>Kilates: 10 K<\/li>\n<li><i class=\"fa fa-check\"><\/i>Peso: 3.5 gr #9<\/li>\n<\/ul>\n","protected":false},"featured_media":9749,"comment_status":"open","ping_status":"closed","template":"","meta":[],"product_brand":[63],"product_cat":[94,81],"product_tag":[126,235],"coleccion":[145,143],"material":[118],"class_list":{"0":"post-9739","1":"product","2":"type-product","3":"status-publish","4":"has-post-thumbnail","6":"product_brand-enamoro","7":"product_cat-argolla-de-oro-de-10-k-confort-blanca-enamoro","8":"product_cat-argollas-oro-10k-enamoro","9":"product_tag-argolla","10":"product_tag-argolla-10k","11":"coleccion-argollas-oro-10k","12":"coleccion-enamoro","13":"material-oro-10-kilates","15":"first","16":"instock","17":"sold-individually","18":"shipping-taxable","19":"purchasable","20":"product-type-variable"},"_links":{"self":[{"href":"https:\/\/contrasteserver.com.mx\/villalpando\/wp-json\/wp\/v2\/product\/9739","targetHints":{"allow":["GET"]}}],"collection":[{"href":"https:\/\/contrasteserver.com.mx\/villalpando\/wp-json\/wp\/v2\/product"}],"about":[{"href":"https:\/\/contrasteserver.com.mx\/villalpando\/wp-json\/wp\/v2\/types\/product"}],"replies":[{"embeddable":true,"href":"https:\/\/contrasteserver.com.mx\/villalpando\/wp-json\/wp\/v2\/comments?post=9739"}],"version-history":[{"count":4,"href":"https:\/\/contrasteserver.com.mx\/villalpando\/wp-json\/wp\/v2\/product\/9739\/revisions"}],"predecessor-version":[{"id":11284,"href":"https:\/\/contrasteserver.com.mx\/villalpando\/wp-json\/wp\/v2\/product\/9739\/revisions\/11284"}],"wp:featuredmedia":[{"embeddable":true,"href":"https:\/\/contrasteserver.com.mx\/villalpando\/wp-json\/wp\/v2\/media\/9749"}],"wp:attachment":[{"href":"https:\/\/contrasteserver.com.mx\/villalpando\/wp-json\/wp\/v2\/media?parent=9739"}],"wp:term":[{"taxonomy":"product_brand","embeddable":true,"href":"https:\/\/contrasteserver.com.mx\/villalpando\/wp-json\/wp\/v2\/product_brand?post=9739"},{"taxonomy":"product_cat","embeddable":true,"href":"https:\/\/contrasteserver.com.mx\/villalpando\/wp-json\/wp\/v2\/product_cat?post=9739"},{"taxonomy":"product_tag","embeddable":true,"href":"https:\/\/contrasteserver.com.mx\/villalpando\/wp-json\/wp\/v2\/product_tag?post=9739"},{"taxonomy":"coleccion","embeddable":true,"href":"https:\/\/contrasteserver.com.mx\/villalpando\/wp-json\/wp\/v2\/coleccion?post=9739"},{"taxonomy":"material","embeddable":true,"href":"https:\/\/contrasteserver.com.mx\/villalpando\/wp-json\/wp\/v2\/material?post=9739"}],"curies":[{"name":"wp","href":"https:\/\/api.w.org\/{rel}","templated":true}]}}