{"id":9603,"date":"2026-04-01T17:43:54","date_gmt":"2026-04-01T17:43:54","guid":{"rendered":"https:\/\/contrasteserver.com.mx\/villalpando\/?post_type=product&#038;p=9603"},"modified":"2026-04-02T16:01:00","modified_gmt":"2026-04-02T16:01:00","slug":"argolla-de-oro-10k-confort-4-mm-enamoro","status":"publish","type":"product","link":"https:\/\/contrasteserver.com.mx\/villalpando\/product\/argolla-de-oro-10k-confort-4-mm-enamoro\/","title":{"rendered":"Argolla de Oro 10 k Confort 4 mm Enamoro"},"content":{"rendered":"<p>Nos encanta ser parte de las historias de amor y tenemos para ti la argolla ideal\u2026 Inicia este nuevo cap\u00edtulo de tu historia con Enamoro Argollas. Argolla fabricada con los mejores est\u00e1ndares de calidad y dise\u00f1o, en oro de 10 K<\/p>\n<ul class=\"list alt-list\">\n<li><i class=\"fa fa-check\"><\/i>Kilates: 10 K<\/li>\n<li><i class=\"fa fa-check\"><\/i>Peso: 2.2 gr #9<\/li>\n<\/ul>\n","protected":false},"excerpt":{"rendered":"<p>Nos encanta ser parte de las historias de amor y tenemos para ti la argolla ideal\u2026 Inicia este nuevo cap\u00edtulo de tu historia con Enamoro Argollas. Argolla fabricada con los mejores est\u00e1ndares de calidad y dise\u00f1o, en oro de 10 K<\/p>\n<ul>\n<li style=\"list-style-type: none;\">\n<ul class=\"list alt-list\">\n<li><i class=\"fa fa-check\"><\/i>Kilates: 10 K<\/li>\n<li><i class=\"fa fa-check\"><\/i>Peso: 2.2 gr #9<\/li>\n<\/ul>\n<\/li>\n<\/ul>\n","protected":false},"featured_media":9621,"comment_status":"open","ping_status":"closed","template":"","meta":[],"product_brand":[63],"product_cat":[93,81],"product_tag":[126,235],"coleccion":[145,143],"material":[118],"class_list":{"0":"post-9603","1":"product","2":"type-product","3":"status-publish","4":"has-post-thumbnail","6":"product_brand-enamoro","7":"product_cat-confort-oro-10k","8":"product_cat-argollas-oro-10k-enamoro","9":"product_tag-argolla","10":"product_tag-argolla-10k","11":"coleccion-argollas-oro-10k","12":"coleccion-enamoro","13":"material-oro-10-kilates","15":"first","16":"instock","17":"sold-individually","18":"shipping-taxable","19":"purchasable","20":"product-type-variable"},"_links":{"self":[{"href":"https:\/\/contrasteserver.com.mx\/villalpando\/wp-json\/wp\/v2\/product\/9603","targetHints":{"allow":["GET"]}}],"collection":[{"href":"https:\/\/contrasteserver.com.mx\/villalpando\/wp-json\/wp\/v2\/product"}],"about":[{"href":"https:\/\/contrasteserver.com.mx\/villalpando\/wp-json\/wp\/v2\/types\/product"}],"replies":[{"embeddable":true,"href":"https:\/\/contrasteserver.com.mx\/villalpando\/wp-json\/wp\/v2\/comments?post=9603"}],"version-history":[{"count":9,"href":"https:\/\/contrasteserver.com.mx\/villalpando\/wp-json\/wp\/v2\/product\/9603\/revisions"}],"predecessor-version":[{"id":11083,"href":"https:\/\/contrasteserver.com.mx\/villalpando\/wp-json\/wp\/v2\/product\/9603\/revisions\/11083"}],"wp:featuredmedia":[{"embeddable":true,"href":"https:\/\/contrasteserver.com.mx\/villalpando\/wp-json\/wp\/v2\/media\/9621"}],"wp:attachment":[{"href":"https:\/\/contrasteserver.com.mx\/villalpando\/wp-json\/wp\/v2\/media?parent=9603"}],"wp:term":[{"taxonomy":"product_brand","embeddable":true,"href":"https:\/\/contrasteserver.com.mx\/villalpando\/wp-json\/wp\/v2\/product_brand?post=9603"},{"taxonomy":"product_cat","embeddable":true,"href":"https:\/\/contrasteserver.com.mx\/villalpando\/wp-json\/wp\/v2\/product_cat?post=9603"},{"taxonomy":"product_tag","embeddable":true,"href":"https:\/\/contrasteserver.com.mx\/villalpando\/wp-json\/wp\/v2\/product_tag?post=9603"},{"taxonomy":"coleccion","embeddable":true,"href":"https:\/\/contrasteserver.com.mx\/villalpando\/wp-json\/wp\/v2\/coleccion?post=9603"},{"taxonomy":"material","embeddable":true,"href":"https:\/\/contrasteserver.com.mx\/villalpando\/wp-json\/wp\/v2\/material?post=9603"}],"curies":[{"name":"wp","href":"https:\/\/api.w.org\/{rel}","templated":true}]}}