{"id":9574,"date":"2026-04-01T17:39:59","date_gmt":"2026-04-01T17:39:59","guid":{"rendered":"https:\/\/contrasteserver.com.mx\/villalpando\/?post_type=product&#038;p=9574"},"modified":"2026-04-02T16:20:56","modified_gmt":"2026-04-02T16:20:56","slug":"argolla-oro-10-k-confort-6-mm-enamoro-cf065-61","status":"publish","type":"product","link":"https:\/\/contrasteserver.com.mx\/villalpando\/product\/argolla-oro-10-k-confort-6-mm-enamoro-cf065-61\/","title":{"rendered":"Argolla Oro 10 k Confort 6 mm Enamoro CF065-61"},"content":{"rendered":"<p>El amor merece una argolla extraordinaria y \u201cEnamoro\u201d es la mejor opci\u00f3n. Argolla fabricada con los mejores est\u00e1ndares de calidad y dise\u00f1o, en oro de 10 K<\/p>\n<ul class=\"list alt-list\">\n<li><i class=\"fa fa-check\"><\/i>Kilates: 10 K<\/li>\n<li><i class=\"fa fa-check\"><\/i>Peso: 3.4 gr #9<\/li>\n<\/ul>\n","protected":false},"excerpt":{"rendered":"<ul class=\"list alt-list\">\n<li>El amor merece una argolla extraordinaria y \u201cEnamoro\u201d es la mejor opci\u00f3n. Argolla fabricada con los mejores est\u00e1ndares de calidad y dise\u00f1o, en oro de 10 K\n<ul class=\"list alt-list\">\n<li><i class=\"fa fa-check\"><\/i>Kilates: 10 K<\/li>\n<li><i class=\"fa fa-check\"><\/i>Peso: 3.4 gr #9<\/li>\n<\/ul>\n<\/li>\n<\/ul>\n","protected":false},"featured_media":9584,"comment_status":"open","ping_status":"closed","template":"","meta":[],"product_brand":[63],"product_cat":[93,81],"product_tag":[126,235],"coleccion":[145,143],"material":[118],"class_list":{"0":"post-9574","1":"product","2":"type-product","3":"status-publish","4":"has-post-thumbnail","6":"product_brand-enamoro","7":"product_cat-confort-oro-10k","8":"product_cat-argollas-oro-10k-enamoro","9":"product_tag-argolla","10":"product_tag-argolla-10k","11":"coleccion-argollas-oro-10k","12":"coleccion-enamoro","13":"material-oro-10-kilates","15":"first","16":"instock","17":"sold-individually","18":"shipping-taxable","19":"purchasable","20":"product-type-variable"},"_links":{"self":[{"href":"https:\/\/contrasteserver.com.mx\/villalpando\/wp-json\/wp\/v2\/product\/9574","targetHints":{"allow":["GET"]}}],"collection":[{"href":"https:\/\/contrasteserver.com.mx\/villalpando\/wp-json\/wp\/v2\/product"}],"about":[{"href":"https:\/\/contrasteserver.com.mx\/villalpando\/wp-json\/wp\/v2\/types\/product"}],"replies":[{"embeddable":true,"href":"https:\/\/contrasteserver.com.mx\/villalpando\/wp-json\/wp\/v2\/comments?post=9574"}],"version-history":[{"count":6,"href":"https:\/\/contrasteserver.com.mx\/villalpando\/wp-json\/wp\/v2\/product\/9574\/revisions"}],"predecessor-version":[{"id":11199,"href":"https:\/\/contrasteserver.com.mx\/villalpando\/wp-json\/wp\/v2\/product\/9574\/revisions\/11199"}],"wp:featuredmedia":[{"embeddable":true,"href":"https:\/\/contrasteserver.com.mx\/villalpando\/wp-json\/wp\/v2\/media\/9584"}],"wp:attachment":[{"href":"https:\/\/contrasteserver.com.mx\/villalpando\/wp-json\/wp\/v2\/media?parent=9574"}],"wp:term":[{"taxonomy":"product_brand","embeddable":true,"href":"https:\/\/contrasteserver.com.mx\/villalpando\/wp-json\/wp\/v2\/product_brand?post=9574"},{"taxonomy":"product_cat","embeddable":true,"href":"https:\/\/contrasteserver.com.mx\/villalpando\/wp-json\/wp\/v2\/product_cat?post=9574"},{"taxonomy":"product_tag","embeddable":true,"href":"https:\/\/contrasteserver.com.mx\/villalpando\/wp-json\/wp\/v2\/product_tag?post=9574"},{"taxonomy":"coleccion","embeddable":true,"href":"https:\/\/contrasteserver.com.mx\/villalpando\/wp-json\/wp\/v2\/coleccion?post=9574"},{"taxonomy":"material","embeddable":true,"href":"https:\/\/contrasteserver.com.mx\/villalpando\/wp-json\/wp\/v2\/material?post=9574"}],"curies":[{"name":"wp","href":"https:\/\/api.w.org\/{rel}","templated":true}]}}