{"id":9558,"date":"2026-04-01T17:38:07","date_gmt":"2026-04-01T17:38:07","guid":{"rendered":"https:\/\/contrasteserver.com.mx\/villalpando\/?post_type=product&#038;p=9558"},"modified":"2026-04-02T17:13:15","modified_gmt":"2026-04-02T17:13:15","slug":"argolla-de-oro-10-k-confort-4-mm-enamoro-cf065-41","status":"publish","type":"product","link":"https:\/\/contrasteserver.com.mx\/villalpando\/product\/argolla-de-oro-10-k-confort-4-mm-enamoro-cf065-41\/","title":{"rendered":"Argolla de Oro 10 k Confort 4 mm  Enamoro CF065-41"},"content":{"rendered":"<p>Nos encanta ser parte de las historias de amor y tenemos para ti la argolla ideal\u2026 Inicia este nuevo cap\u00edtulo de tu historia con Enamoro Argollas. Argolla fabricada con los mejores est\u00e1ndares de calidad y dise\u00f1o, en oro de 10 K<\/p>\n<ul class=\"list alt-list\">\n<li><i class=\"fa fa-check\"><\/i>Kilates: 10 K<\/li>\n<li><i class=\"fa fa-check\"><\/i>Peso: 2.4 gr #9<\/li>\n<\/ul>\n","protected":false},"excerpt":{"rendered":"<ul class=\"list alt-list\">\n<li>Nos encanta ser parte de las historias de amor y tenemos para ti la argolla ideal\u2026 Inicia este nuevo cap\u00edtulo de tu historia con Enamoro Argollas. Argolla fabricada con los mejores est\u00e1ndares de calidad y dise\u00f1o, en oro de 10 K\n<ul class=\"list alt-list\">\n<li><i class=\"fa fa-check\"><\/i>Kilates: 10 K<\/li>\n<li><i class=\"fa fa-check\"><\/i>Peso: 2.4 gr #9<\/li>\n<\/ul>\n<\/li>\n<\/ul>\n","protected":false},"featured_media":9568,"comment_status":"open","ping_status":"closed","template":"","meta":[],"product_brand":[63],"product_cat":[93,81],"product_tag":[126,235],"coleccion":[145,143],"material":[118],"class_list":{"0":"post-9558","1":"product","2":"type-product","3":"status-publish","4":"has-post-thumbnail","6":"product_brand-enamoro","7":"product_cat-confort-oro-10k","8":"product_cat-argollas-oro-10k-enamoro","9":"product_tag-argolla","10":"product_tag-argolla-10k","11":"coleccion-argollas-oro-10k","12":"coleccion-enamoro","13":"material-oro-10-kilates","15":"first","16":"instock","17":"sold-individually","18":"shipping-taxable","19":"purchasable","20":"product-type-variable"},"_links":{"self":[{"href":"https:\/\/contrasteserver.com.mx\/villalpando\/wp-json\/wp\/v2\/product\/9558","targetHints":{"allow":["GET"]}}],"collection":[{"href":"https:\/\/contrasteserver.com.mx\/villalpando\/wp-json\/wp\/v2\/product"}],"about":[{"href":"https:\/\/contrasteserver.com.mx\/villalpando\/wp-json\/wp\/v2\/types\/product"}],"replies":[{"embeddable":true,"href":"https:\/\/contrasteserver.com.mx\/villalpando\/wp-json\/wp\/v2\/comments?post=9558"}],"version-history":[{"count":9,"href":"https:\/\/contrasteserver.com.mx\/villalpando\/wp-json\/wp\/v2\/product\/9558\/revisions"}],"predecessor-version":[{"id":11380,"href":"https:\/\/contrasteserver.com.mx\/villalpando\/wp-json\/wp\/v2\/product\/9558\/revisions\/11380"}],"wp:featuredmedia":[{"embeddable":true,"href":"https:\/\/contrasteserver.com.mx\/villalpando\/wp-json\/wp\/v2\/media\/9568"}],"wp:attachment":[{"href":"https:\/\/contrasteserver.com.mx\/villalpando\/wp-json\/wp\/v2\/media?parent=9558"}],"wp:term":[{"taxonomy":"product_brand","embeddable":true,"href":"https:\/\/contrasteserver.com.mx\/villalpando\/wp-json\/wp\/v2\/product_brand?post=9558"},{"taxonomy":"product_cat","embeddable":true,"href":"https:\/\/contrasteserver.com.mx\/villalpando\/wp-json\/wp\/v2\/product_cat?post=9558"},{"taxonomy":"product_tag","embeddable":true,"href":"https:\/\/contrasteserver.com.mx\/villalpando\/wp-json\/wp\/v2\/product_tag?post=9558"},{"taxonomy":"coleccion","embeddable":true,"href":"https:\/\/contrasteserver.com.mx\/villalpando\/wp-json\/wp\/v2\/coleccion?post=9558"},{"taxonomy":"material","embeddable":true,"href":"https:\/\/contrasteserver.com.mx\/villalpando\/wp-json\/wp\/v2\/material?post=9558"}],"curies":[{"name":"wp","href":"https:\/\/api.w.org\/{rel}","templated":true}]}}